{"id":1812,"date":"2018-01-21T11:38:06","date_gmt":"2018-01-21T11:38:06","guid":{"rendered":"https:\/\/wilayabiskra.dz\/?page_id=1812"},"modified":"2018-02-04T14:19:03","modified_gmt":"2018-02-04T14:19:03","slug":"service-agricoles","status":"publish","type":"page","link":"https:\/\/wilayabiskra.dz\/?page_id=1812","title":{"rendered":"Service Agricoles"},"content":{"rendered":"<div id=\"body_content\" class=\"controlstyle\">\n<h2 class=\"tier3-headline\">Pr\u00e9sentation du secteur agricole<\/h2>\n<hr \/>\n<div>La situation g\u00e9ographique de la wilaya de Biskra, sa diversit\u00e9 \u00e9cologique, ces ressources hydriques, ces terres plates et ses potentialit\u00e9s humaines avec leurs cultures ont donn\u00e9e \u00e0 la r\u00e9gion des Zibans sa vocation Agro-pastorale.<\/div>\n<div><\/div>\n<div><\/div>\n<div><\/div>\n<div><\/div>\n<div>Elle a \u00e9t\u00e9 connue depuis l\u2019\u00e9poque des romains comme grenier de l\u2019Europe en C\u00e9r\u00e9ales et d\u2019autres produits. Seulement pendant le r\u00e8gne des turque et les Fran\u00e7ais on constat que la phoeniciculture appris de l\u2019ampleur au d\u00e9triment des autres cultures dans le Zab el Ghabli (vu sa valeur marchande). Pour c\u00e9r\u00e9ales sont tr\u00e8s anciennement pratiqu\u00e9es sur \u00e9pandage des crues d\u2019oueds dans la r\u00e9gion de Zab Chergui et Zab El Ghabli (Doucen \u2013Ouled Djellal) durant les p\u00e9riodes pluvieuses des centaines d\u2019hectares seront labour\u00e9s :<\/div>\n<div><\/div>\n<div><\/div>\n<div><\/div>\n<div><\/div>\n<div>\u2666\u00a0soit par les \u00e9leveurs pour un compl\u00e9ment de fourrage \u00e0 leurs cheptels et l\u2019autoconsommation.<\/div>\n<div>\u2666\u00a0soit par les s\u00e9dentaires pour l\u2019affouragement de l\u2019\u00e9levage familial et l\u2019autoconsommation.<\/div>\n<div><\/div>\n<div><\/div>\n<div><\/div>\n<div><\/div>\n<div>En outre, l\u2019engouement et l\u2019orientation des agro \u00e9leveurs \u00e0 cultiv\u00e9 des c\u00e9r\u00e9ales (pour subvenir aux besoins de l\u2019\u00e9levage et avoir une autoconsommation) et les cultures mara\u00eech\u00e8res plein champs et aussi sous serres ontpermettra de r\u00e9aliser des productions importantes et de d\u00e9velopper une gamme tr\u00e8s vari\u00e9e en productions v\u00e9g\u00e9tales et animales qui contribuent d\u2019une mani\u00e8re efficace \u00e0 la s\u00e9curit\u00e9 alimentaire.<\/div>\n<p>A attire l\u2019attention de l\u2019\u00c9tat pour d\u00e9velopper cette r\u00e9gion par des programmes d\u2019investissements, sp\u00e9cifique, des subventions et aussi avec une politique d\u2019encourager, d\u2019inciter les agro \u00e9leveurs \u00e0 moderniser les m\u00e9thodes culturales de toutes les fili\u00e8res, ont permet de multiplie les productions. Ces r\u00e9sultats obtenus ont attir\u00e9 les investisseurs nationaux et \u00e9trangers \u00e0 investir dans l\u2019Agriculture, a fait augmenter les superficies mises en cultures par l\u2019irrigation et par \u00e9pandages de crue d\u2019oued.<\/p>\n<div><\/div>\n<div><\/div>\n<h2>\u2022 R\u00e9partition des terres :<\/h2>\n<div>\u00a0&#8211; Superficie totale de la wilaya : 2 150 980 Ha<\/div>\n<div>\u00a0&#8211; Superficie Agricole Totale : 1 652 751 Ha<\/div>\n<div>\u00a0&#8211; Superficie Agricole Utile : 185 473 Ha<\/div>\n<div>\u00a0&#8211; Dont irrigu\u00e9e : 103 478 Ha<\/div>\n<div>\u00a0&#8211; Pacages et Parcours : 1 399 746 Ha<\/div>\n<div>\u00a0&#8211; Alfa. : 13 864 Ha<\/div>\n<div>\u00a0&#8211; For\u00eat : 97 780 Ha<\/div>\n<div>\u00a0&#8211; Terres Improductives affect\u00e9e \u00e0 l\u2019Agriculture : 67 532 Ha<\/div>\n<div>\u00a0&#8211; Terres improductives : 86 585 Ha<\/div>\n<div><\/div>\n<div><\/div>\n<h2>\u2022 Ressources hydriques :<\/h2>\n<div><\/div>\n<div><\/div>\n<div>La r\u00e9gion des Zibans se trouve \u00e0 la limite nord-est du bassin versant hydrologique du Sahara Alg\u00e9rien rec\u00e8le d\u2019\u00e9normes potentialit\u00e9s en eau quel soit souterraines (sept nappe Source ANRH Biskra), r\u00e9seau hydrographique et en plus deux barrages ((FOUM EL GHERZA et Fontaine des Gazelles).<\/div>\n<div>Les ressources hydriques superficielles sont relativement peu importantes et peu exploit\u00e9es. Elles sont irr\u00e9guli\u00e8res et par cons\u00e9quent, leur utilisation se limite \u00e0 la pratique de l\u2019agriculture de crue qui reste marginale. Elle est sillonn\u00e9e par quatre grands oueds qui sont :<\/div>\n<div>&#8211; Oued Djedi<\/div>\n<div>&#8211; Oued Biskra<\/div>\n<div>&#8211; Oued El Arab<\/div>\n<div>&#8211; Oued El Abiadh<\/div>\n<div><\/div>\n<div>&#8211;\u00a0<b>Les eaux mobilis\u00e9es :<\/b><\/div>\n<div><\/div>\n<div>&#8211; Nombre de forages : 8 328<\/div>\n<div>&#8211; Nombre de puits : 3 573<\/div>\n<div>&#8211; Nombre de ceds : 23<\/div>\n<div>&#8211; Sources : 17<\/div>\n<div>&#8211; Pompage au fil de l\u2019eau : 70 foyers<\/div>\n<div><strong>&gt;<\/strong>\u00a0<b>L\u2019exploitation des eaux souterraines est tellement importante que le niveau des nappes se rabatte et les agriculteurs sont contraints de creuser davantage plus profond. <\/b><\/div>\n<div><\/div>\n<div><\/div>\n<div><\/div>\n<h2>\u2022 Structures fonci\u00e8res agricoles :<\/h2>\n<div>\u00a0&#8211; Nombre d\u2019exploitations Agricoles : 61 365 dont:<\/div>\n<div><\/div>\n<div>\u00b7 EAC &#8230;&#8230;&#8230;&#8230;&#8230;&#8230;&#8230;&#8230;&#8230;&#8230;&#8230;&#8230;&#8230;&#8230;&#8230;..44<\/div>\n<div>\u00b7 EAI&#8230;&#8230;&#8230;&#8230;&#8230;&#8230;&#8230;&#8230;&#8230;&#8230;&#8230;&#8230;&#8230;&#8230;&#8230;.1 242<\/div>\n<div>\u00b7 Ferme pilote&#8230;&#8230;&#8230;&#8230;&#8230;&#8230;&#8230;&#8230;&#8230;&#8230;&#8230;&#8230;..1<\/div>\n<div>\u00b7 Exploitations priv\u00e9es &#8230;&#8230;&#8230;&#8230;.. 27 365<\/div>\n<div>\u00b7 Concessions &#8230;&#8230;&#8230;&#8230;&#8230;&#8230;&#8230;&#8230;&#8230;&#8230;..20 746<\/div>\n<div>\u00b7 Autres 11 967<\/div>\n<div><\/div>\n<h2>\u2022 L\u2019emplois<b> : <\/b><\/h2>\n<p>La population active dans la wilaya de Biskra est estim\u00e9e \u00e0 300 857 employ\u00e9s en 2011. Presque la moiti\u00e9 est occup\u00e9e dans le secteur agricole qui estim\u00e9e 124 044 employ\u00e9s. Ceci d\u00e9montre le caract\u00e8re rural de la zone et sa vocation agricole,repartie comme suite selon le sexe Males 111 271 femelles 12773. Le plan national de d\u00e9veloppement agricole (PNDA) a eu un impact sur l\u2019emploi dans la mesure o\u00f9 il a permis de r\u00e9duire le nombre de ch\u00f4meur.<\/p>\n<p>&nbsp;<\/p>\n<p>&nbsp;<\/p>\n<\/div>\n<div class=\"page_name\">Activit\u00e9s \u00e9conomiques<\/div>\n","protected":false},"excerpt":{"rendered":"<p>Pr\u00e9sentation du secteur agricole La situation g\u00e9ographique de la wilaya de Biskra, sa diversit\u00e9 \u00e9cologique, ces ressources hydriques, ces terres plates et ses potentialit\u00e9s humaines avec leurs cultures ont donn\u00e9e \u00e0 la r\u00e9gion des Zibans sa vocation Agro-pastorale. Elle a \u00e9t\u00e9 connue depuis l\u2019\u00e9poque des romains comme grenier de l\u2019Europe en C\u00e9r\u00e9ales et d\u2019autres produits. Seulement pendant le r\u00e8gne des [&hellip;]<\/p>\n","protected":false},"author":1,"featured_media":10444,"parent":1648,"menu_order":0,"comment_status":"closed","ping_status":"closed","template":"","meta":{"footnotes":""},"class_list":["post-1812","page","type-page","status-publish","has-post-thumbnail","hentry"],"_links":{"self":[{"href":"https:\/\/wilayabiskra.dz\/index.php?rest_route=\/wp\/v2\/pages\/1812","targetHints":{"allow":["GET"]}}],"collection":[{"href":"https:\/\/wilayabiskra.dz\/index.php?rest_route=\/wp\/v2\/pages"}],"about":[{"href":"https:\/\/wilayabiskra.dz\/index.php?rest_route=\/wp\/v2\/types\/page"}],"author":[{"embeddable":true,"href":"https:\/\/wilayabiskra.dz\/index.php?rest_route=\/wp\/v2\/users\/1"}],"replies":[{"embeddable":true,"href":"https:\/\/wilayabiskra.dz\/index.php?rest_route=%2Fwp%2Fv2%2Fcomments&post=1812"}],"version-history":[{"count":2,"href":"https:\/\/wilayabiskra.dz\/index.php?rest_route=\/wp\/v2\/pages\/1812\/revisions"}],"predecessor-version":[{"id":2403,"href":"https:\/\/wilayabiskra.dz\/index.php?rest_route=\/wp\/v2\/pages\/1812\/revisions\/2403"}],"up":[{"embeddable":true,"href":"https:\/\/wilayabiskra.dz\/index.php?rest_route=\/wp\/v2\/pages\/1648"}],"wp:featuredmedia":[{"embeddable":true,"href":"https:\/\/wilayabiskra.dz\/index.php?rest_route=\/wp\/v2\/media\/10444"}],"wp:attachment":[{"href":"https:\/\/wilayabiskra.dz\/index.php?rest_route=%2Fwp%2Fv2%2Fmedia&parent=1812"}],"curies":[{"name":"wp","href":"https:\/\/api.w.org\/{rel}","templated":true}]}}