{"id":1823,"date":"2018-01-21T11:40:47","date_gmt":"2018-01-21T11:40:47","guid":{"rendered":"https:\/\/wilayabiskra.dz\/?page_id=1823"},"modified":"2018-02-13T12:46:09","modified_gmt":"2018-02-13T12:46:09","slug":"perspectives","status":"publish","type":"page","link":"https:\/\/wilayabiskra.dz\/?page_id=1823","title":{"rendered":"Perspectives"},"content":{"rendered":"<p dir=\"ltr\">&#8211; Elles r\u00e9sident principalement dans la mobilisation et la rationalisation des potentialit\u00e9s hydriques. La mobilisation de la ressource passe, in\u00e9vitablement, par la r\u00e9alisation d\u2019ouvrages (barrages, retenues et ceds), protection des berges d\u2019oueds, reboisement des bassins versants des deux barrages (Foum El Gherza et la Fontaine des Gazelles) et l\u2019exploitation des eaux profondes (Forages).<\/p>\n<p dir=\"ltr\">&#8211; Une meilleure connaissance de la ressource souterraine est souhait\u00e9e par le biais d\u2019\u00e9tudes.<\/p>\n<p dir=\"ltr\">&#8211; Evacuation des eaux exc\u00e9dentaires par la r\u00e9alisation de r\u00e9seau de drainage dans les zones de TOLGA, OURLAL ET OULED DJELLAL. Compagne de lutte contre les maladies afin de pr\u00e9server la qualit\u00e9 des fruits (notamment la Vari\u00e9t\u00e9 Deglet-Nour de renomm\u00e9e mondiale)<\/p>\n<p dir=\"ltr\">&#8211; Meilleure prise en charge des probl\u00e8mes du monde rural (Toute intervention devra tenir compte des sp\u00e9cificit\u00e9s de chaque zone homog\u00e8ne) :<\/p>\n<p dir=\"ltr\">\u2022 Pour les zones montagneuses : \u00e0 orienter vers le reboisement forestier, le d\u00e9veloppement de l\u2019arboriculture et les petits \u00e9levages familiaux et pr\u00e9server l\u2019artisanat local.<\/p>\n<p dir=\"ltr\">\u2022 Pour les zones de plaines : pr\u00e9servation du patrimoine phoenicicole et poursuite des op\u00e9rations de mise en valeur par le biais de l\u2019APFA et du programme des concessions agricoles et assainissement foncier dans le cadre de la 402 . Le rajeunissement de la palmeraie doit \u00e9tire un objectif primordial. le d\u00e9veloppement des cultures maraich\u00e8res (plein champs et sous serres).<\/p>\n<p dir=\"ltr\">\u2022 Pour les zones des plateaux : toute action \u00e0 entreprendre doit concourir \u00e0 la protection et l\u2019am\u00e9lioration des parcours qui engendrant la sauvegarde et l\u2019accroissement du cheptel et aussi la lutte contre la d\u00e9sertification, ainsi que la constitution de mise en d\u00e9fens.<\/p>\n<p dir=\"ltr\">\u2022 Pour les zones de d\u00e9pressions : aucun objectif ne peut-\u00eatre retenu, dans l\u2019imm\u00e9diat, compte tenu de la sp\u00e9cificit\u00e9 de cette zone, g\u00e9n\u00e9ralement mar\u00e9cageuse et inondable avec des remont\u00e9es tr\u00e8s sal\u00e9es.<\/p>\n<p dir=\"ltr\"><strong>Les actions \u00e0 prendre en charge pour mieux g\u00e9rer la situation sont :<\/strong><\/p>\n<p dir=\"ltr\">&#8211; L\u2019utilisation du syst\u00e8me d\u2019irrigation engendrant une \u00e9conomie substantielle en eau doit-\u00eatre g\u00e9n\u00e9ralis\u00e9e.<\/p>\n<p dir=\"ltr\">&#8211; La pr\u00e9servation de la race ovine locale (Ouled Djellal) en incitant les \u00e9leveurs \u00e0 pratiquer l\u2019ins\u00e9mination artificielle.<\/p>\n<p dir=\"ltr\">&#8211; Poursuite du programme de d\u00e9senclavement des zones potentielles par la r\u00e9alisation des pistes agricoles et la dotation en \u00e9nergie \u00e9lectriques.<\/p>\n<p dir=\"ltr\">&#8211; Encouragement de l\u2019investissement en aquaculture, activit\u00e9 compl\u00e9mentaire au secteur agricole.<\/p>\n<p dir=\"ltr\">&#8211; D\u00e9veloppement des Unit\u00e9s de conservation, conditionnement et de la transformation.<\/p>\n<p dir=\"ltr\">&#8211; Encouragement des exploitations notamment de la datte et des l\u00e9gumes en extra-primeurs.<\/p>\n","protected":false},"excerpt":{"rendered":"<p>&#8211; Elles r\u00e9sident principalement dans la mobilisation et la rationalisation des potentialit\u00e9s hydriques. La mobilisation de la ressource passe, in\u00e9vitablement, par la r\u00e9alisation d\u2019ouvrages (barrages, retenues et ceds), protection des berges d\u2019oueds, reboisement des bassins versants des deux barrages (Foum El Gherza et la Fontaine des Gazelles) et l\u2019exploitation des eaux profondes (Forages). &#8211; Une meilleure connaissance de la ressource [&hellip;]<\/p>\n","protected":false},"author":1,"featured_media":10444,"parent":1812,"menu_order":0,"comment_status":"closed","ping_status":"closed","template":"","meta":{"footnotes":""},"class_list":["post-1823","page","type-page","status-publish","has-post-thumbnail","hentry"],"_links":{"self":[{"href":"https:\/\/wilayabiskra.dz\/index.php?rest_route=\/wp\/v2\/pages\/1823","targetHints":{"allow":["GET"]}}],"collection":[{"href":"https:\/\/wilayabiskra.dz\/index.php?rest_route=\/wp\/v2\/pages"}],"about":[{"href":"https:\/\/wilayabiskra.dz\/index.php?rest_route=\/wp\/v2\/types\/page"}],"author":[{"embeddable":true,"href":"https:\/\/wilayabiskra.dz\/index.php?rest_route=\/wp\/v2\/users\/1"}],"replies":[{"embeddable":true,"href":"https:\/\/wilayabiskra.dz\/index.php?rest_route=%2Fwp%2Fv2%2Fcomments&post=1823"}],"version-history":[{"count":3,"href":"https:\/\/wilayabiskra.dz\/index.php?rest_route=\/wp\/v2\/pages\/1823\/revisions"}],"predecessor-version":[{"id":2583,"href":"https:\/\/wilayabiskra.dz\/index.php?rest_route=\/wp\/v2\/pages\/1823\/revisions\/2583"}],"up":[{"embeddable":true,"href":"https:\/\/wilayabiskra.dz\/index.php?rest_route=\/wp\/v2\/pages\/1812"}],"wp:featuredmedia":[{"embeddable":true,"href":"https:\/\/wilayabiskra.dz\/index.php?rest_route=\/wp\/v2\/media\/10444"}],"wp:attachment":[{"href":"https:\/\/wilayabiskra.dz\/index.php?rest_route=%2Fwp%2Fv2%2Fmedia&parent=1823"}],"curies":[{"name":"wp","href":"https:\/\/api.w.org\/{rel}","templated":true}]}}