{"id":1825,"date":"2018-01-21T11:41:36","date_gmt":"2018-01-21T11:41:36","guid":{"rendered":"https:\/\/wilayabiskra.dz\/?page_id=1825"},"modified":"2018-02-13T12:50:32","modified_gmt":"2018-02-13T12:50:32","slug":"zones-potentialites","status":"publish","type":"page","link":"https:\/\/wilayabiskra.dz\/?page_id=1825","title":{"rendered":"Zones potentialit\u00e9s"},"content":{"rendered":"<h2 dir=\"ltr\"><\/h2>\n<div dir=\"ltr\">La wilaya de Biskra avec ces reliefs diversifi\u00e9s (Plateaux, Plaines, Zone des d\u00e9pressions et Zones de montagnes) et ces potentiels en ressources hydriques, terres plates, en fait des zabs une zone charni\u00e8re entre le sud et le nord alg\u00e9rien, forme une r\u00e9gion de transition du point de vue morphologique et bioclimatique.<\/div>\n<div dir=\"ltr\">Ce passage se fait subitement au pied de l\u2019Atlas saharien. On passe d\u2019un relief assez \u00e9lev\u00e9 et accident\u00e9 au nord \u00e0 une topographie de plateau l\u00e9g\u00e8rement inclin\u00e9e vers le Sud.<\/div>\n<div dir=\"ltr\"><\/div>\n<div dir=\"ltr\">La morphologie de la r\u00e9gion des Zibans est constitu\u00e9e de quatre grands ensembles \u00e9cologiques qui a permis de d\u00e9velopper une agriculture tr\u00e8s diversifi\u00e9e qui caract\u00e9rise chaque zone:<\/div>\n<div dir=\"ltr\"><\/div>\n<div dir=\"ltr\"><u><strong>\u2666 Les pi\u00e9monts :<\/strong><\/u> situ\u00e9s au nord de la r\u00e9gion presque d\u00e9couvertes de toutes v\u00e9g\u00e9tations naturelles (EL-KANTARA, DJEMORAH ET M\u2019 CHOUNECH), occupent 12 % de la superficie totale, o\u00f9 l\u2019agriculture de montagne (notamment arboriculture, apiculture et \u00e9levage extensif) y prend peu \u00e0 peu place.<\/div>\n<div dir=\"ltr\"><\/div>\n<div dir=\"ltr\"><u><strong>\u2666 Les plateaux<\/strong> :<\/u> \u00e0 l\u2019ouest, ils s\u2019\u00e9tendent du nord au sud englobant presque les da\u00efras d\u2019OULED DJELLAL, SIDI KHALED et une partie de TOLGA. Localis\u00e9s dans le sud-ouest de la Wilaya, \u00e0 vocation pastorale et fief de la race ovine \u2018Ouled Djellal \u2018 ; ils s\u2019\u00e9tendent sur 56 % de la superficie totale de la wilaya, et sont soumis aux effets n\u00e9fastes de la d\u00e9sertification. mais ces derni\u00e8res temps avec les programmes (PNDA, FNDIA, FNRDA, 108, 402, etc\u2026..) ont chang\u00e9 l\u2019attitude des \u00e9leveurs en agro-\u00e9leveurs d\u2019o\u00f9 la pratique de l\u2019agriculture culture mara\u00eechage, Ph\u0153niciculture, la plasticulture et la culture industrielle.<\/div>\n<div dir=\"ltr\"><\/div>\n<div dir=\"ltr\"><u><strong>\u2666 Les plaines :\u00a0<\/strong><\/u>occupent 22 % de la superficie totale o\u00f9 la plasticulture est associ\u00e9e au mara\u00eechage et \u00e0 la Ph\u0153niciculture et aussi la culture industrielle. Elle est constitu\u00e9e des da\u00efras d\u2019El Outaya, Sidi Okba, Zeribet-El-Oued, El ghrous, Ourlel. \u00e0 l\u2019ouest, englobant presque les da\u00efras d\u2019Ouled-Djellal, Sidi-Khaled, Tolga.<\/div>\n<div dir=\"ltr\"><\/div>\n<div dir=\"ltr\"><u><strong>\u2666 Zone des d\u00e9pressions :<\/strong><\/u> elle occupe 10% de la superficie totale, situ\u00e9e au Sud et caract\u00e9ris\u00e9 par la pr\u00e9sence de Chott Melghir<\/div>\n<div dir=\"ltr\"><\/div>\n<div dir=\"ltr\"><strong>Les syst\u00e8mes de productions agricoles utilis\u00e9e dans ces zones :<\/strong><\/div>\n<div dir=\"ltr\"><\/div>\n<div dir=\"ltr\">Nous distinguons dans la wilaya de Biskra deux types de syst\u00e8mes agricoles :<\/div>\n<div dir=\"ltr\"><\/div>\n<div dir=\"ltr\">\u2022 Le syst\u00e8me de montagne qui s\u2019apparente \u00e0 l\u2019agriculture de montagne et qui repose sur l\u2019utilisation des eaux superficielles. Ce syst\u00e8me est marginal de par sa dimension (il repr\u00e9sente 12% des superficies agricoles de la wilaya) et se distingue par des petites exploitations qui associent au palmier dattier des arbres fruitiers et d\u2019autre cultures de subsistance (c\u00e9r\u00e9ales de crues) avec un \u00e9levage familial.<\/div>\n<div dir=\"ltr\"><\/div>\n<div dir=\"ltr\">\u2022 Le deuxi\u00e8me syst\u00e8me le plus important en termes de superficies (il occupe 88% des superficies agricoles) est un syst\u00e8me Oasien intensif qui s\u2019appuie sur l\u2019utilisation des ressources hydriques souterraines. Il se distingue particuli\u00e8rement par la pratique de la phoeniciculture, la C\u00e9r\u00e9ali\u00e8re et les cultures mara\u00eech\u00e8res et aussi l\u2019Elevage tout confondus.<\/div>\n<div dir=\"ltr\">On peut grossi\u00e8rement distinguer quatre types de syst\u00e8mes de production agricole. Le syst\u00e8me Intercalaire, le syst\u00e8me plein champs, le syst\u00e8me Montagnier et L\u2019Elevage.<\/div>\n<div dir=\"ltr\"><\/div>\n<div dir=\"ltr\"><strong>Les principales cultures pratiqu\u00e9es sont :<\/strong><\/div>\n<div dir=\"ltr\">&#8211; La phoeniciculture ;<\/div>\n<div dir=\"ltr\">&#8211; Maraichage (plein champ et sous serres) ;<\/div>\n<div dir=\"ltr\">&#8211; C\u00e9r\u00e9ales ;<\/div>\n<div dir=\"ltr\">&#8211; Fourrages artificielles ;<\/div>\n<div dir=\"ltr\">&#8211; Cultures industrielles et condimentaires ;<\/div>\n<div dir=\"ltr\">&#8211; Arboricultures ;<\/div>\n<div dir=\"ltr\">&#8211; Elevages Ovin Caprins (type extensif) Camelin et Bovin;<\/div>\n","protected":false},"excerpt":{"rendered":"<p>La wilaya de Biskra avec ces reliefs diversifi\u00e9s (Plateaux, Plaines, Zone des d\u00e9pressions et Zones de montagnes) et ces potentiels en ressources hydriques, terres plates, en fait des zabs une zone charni\u00e8re entre le sud et le nord alg\u00e9rien, forme une r\u00e9gion de transition du point de vue morphologique et bioclimatique. Ce passage se fait subitement au pied de l\u2019Atlas [&hellip;]<\/p>\n","protected":false},"author":1,"featured_media":10444,"parent":1812,"menu_order":0,"comment_status":"closed","ping_status":"closed","template":"","meta":{"footnotes":""},"class_list":["post-1825","page","type-page","status-publish","has-post-thumbnail","hentry"],"_links":{"self":[{"href":"https:\/\/wilayabiskra.dz\/index.php?rest_route=\/wp\/v2\/pages\/1825","targetHints":{"allow":["GET"]}}],"collection":[{"href":"https:\/\/wilayabiskra.dz\/index.php?rest_route=\/wp\/v2\/pages"}],"about":[{"href":"https:\/\/wilayabiskra.dz\/index.php?rest_route=\/wp\/v2\/types\/page"}],"author":[{"embeddable":true,"href":"https:\/\/wilayabiskra.dz\/index.php?rest_route=\/wp\/v2\/users\/1"}],"replies":[{"embeddable":true,"href":"https:\/\/wilayabiskra.dz\/index.php?rest_route=%2Fwp%2Fv2%2Fcomments&post=1825"}],"version-history":[{"count":3,"href":"https:\/\/wilayabiskra.dz\/index.php?rest_route=\/wp\/v2\/pages\/1825\/revisions"}],"predecessor-version":[{"id":2585,"href":"https:\/\/wilayabiskra.dz\/index.php?rest_route=\/wp\/v2\/pages\/1825\/revisions\/2585"}],"up":[{"embeddable":true,"href":"https:\/\/wilayabiskra.dz\/index.php?rest_route=\/wp\/v2\/pages\/1812"}],"wp:featuredmedia":[{"embeddable":true,"href":"https:\/\/wilayabiskra.dz\/index.php?rest_route=\/wp\/v2\/media\/10444"}],"wp:attachment":[{"href":"https:\/\/wilayabiskra.dz\/index.php?rest_route=%2Fwp%2Fv2%2Fmedia&parent=1825"}],"curies":[{"name":"wp","href":"https:\/\/api.w.org\/{rel}","templated":true}]}}